{"id":1033,"date":"2023-07-23T17:34:19","date_gmt":"2023-07-23T15:34:19","guid":{"rendered":"https:\/\/www.holy-supps.nl\/?post_type=product&#038;p=1033"},"modified":"2026-01-14T16:39:27","modified_gmt":"2026-01-14T15:39:27","slug":"glutamin-300gr-mhp-stark","status":"publish","type":"product","link":"https:\/\/www.holy-supps.nl\/de\/product\/glutamine-300gr-mhp-strong-2\/","title":{"rendered":"GLUTAMIN SR - 300GR - MHP STRONG"},"content":{"rendered":"<div class=\"description bottom\">\n<p>Die patentierte Technologie der verz\u00f6gerten Freisetzung von Glutamin-SR wurde entwickelt, um eine allm\u00e4hliche Freisetzung und Absorption von L-Glutamin zu erm\u00f6glichen.<\/p>\n<div>Glutamin-SR enth\u00e4lt eine Dosis von L-Glutamin, eine der am h\u00e4ufigsten im K\u00f6rper vorkommenden Aminos\u00e4uren. Das Produkt kann praktisch rund um den Sport oder als Erg\u00e4nzung im Rahmen einer ausgewogenen Ern\u00e4hrung verwendet werden.<\/div>\n<div>\n<ul>\n<li>Mit patentierter Technologie f\u00fcr lang anhaltende Freisetzung<\/li>\n<li>Enth\u00e4lt L-Glutamin, eine h\u00e4ufige Aminos\u00e4ure<\/li>\n<li>Praktisch als Erg\u00e4nzung f\u00fcr einen aktiven Lebensstil<\/li>\n<\/ul>\n<\/div>\n<\/div>\n<div id=\"stamped-reviews-widget\" data-widget-type=\"full-page\" data-product-image=\"false\" data-take=\"1\" data-label-subtitle=\"Customer Highlights\" data-product-ids=\"4467637321785\" data-min-rating=\"5\" data-element-id=\"1\" data-lang=\"en\">\n<div class=\"stamped-widget-title\">\n<h1><strong>Inhaltsstoffe, Anwendung und Dosierung<\/strong><\/h1>\n<p>Siehe Foto.<\/p>\n<\/div>\n<\/div>","protected":false},"excerpt":{"rendered":"<div>Glutamine SR liefert eine kr\u00e4ftige Dosis L-Glutamin, die am h\u00e4ufigsten im K\u00f6rper vorkommende Aminos\u00e4ure, die verwendet wird von<\/div>\n<div>Ihren Darm, Ihr Immunsystem und Ihre Muskeln als Brennstoff. Eine Glutaminerg\u00e4nzung hilft, die Glutaminspeicher aufzuf\u00fcllen, was das Immunsystem unterst\u00fctzt, die Erholung beschleunigt und die Muskelproteinsynthese ankurbelt.<\/div>","protected":false},"featured_media":1036,"comment_status":"open","ping_status":"closed","template":"","meta":[],"product_brand":[],"product_cat":[86,77,80,87,71,165,70],"product_tag":[],"class_list":{"0":"post-1033","1":"product","2":"type-product","3":"status-publish","4":"has-post-thumbnail","6":"product_cat-aankomen","7":"product_cat-bundles-save","8":"product_cat-doel","9":"product_cat-energie-focus","10":"product_cat-merken","11":"product_cat-mhp-strong","12":"product_cat-raws","14":"first","15":"outofstock","16":"sale","17":"taxable","18":"shipping-taxable","19":"purchasable","20":"product-type-simple"},"yoast_head":"<!-- This site is optimized with the Yoast SEO plugin v27.4 - https:\/\/yoast.com\/product\/yoast-seo-wordpress\/ -->\n<title>GLUTAMINE SR - 300GR - MHP STRONG - Holy-Supps.nl<\/title>\n<meta name=\"description\" content=\"Verbeter herstel en spieropbouw met GLUTAMINE SR. Langdurige afgifte voor optimale absorptie, immuunondersteuning en versnelde spiereiwitsynthese.\" \/>\n<meta name=\"robots\" content=\"index, follow, max-snippet:-1, max-image-preview:large, max-video-preview:-1\" \/>\n<link rel=\"canonical\" href=\"https:\/\/www.holy-supps.nl\/de\/produkt\/glutamin-300gr-mhp-stark\/\" \/>\n<meta property=\"og:locale\" content=\"de_DE\" \/>\n<meta property=\"og:type\" content=\"article\" \/>\n<meta property=\"og:title\" content=\"GLUTAMINE SR - 300GR - MHP STRONG - Holy-Supps.nl\" \/>\n<meta property=\"og:description\" content=\"Verbeter herstel en spieropbouw met GLUTAMINE SR. Langdurige afgifte voor optimale absorptie, immuunondersteuning en versnelde spiereiwitsynthese.\" \/>\n<meta property=\"og:url\" content=\"https:\/\/www.holy-supps.nl\/de\/produkt\/glutamin-300gr-mhp-stark\/\" \/>\n<meta property=\"og:site_name\" content=\"Holy-Supps.nl\" \/>\n<meta property=\"article:publisher\" content=\"https:\/\/www.facebook.com\/holy.supps\" \/>\n<meta property=\"article:modified_time\" content=\"2026-01-14T15:39:27+00:00\" \/>\n<meta property=\"og:image\" content=\"https:\/\/www.holy-supps.nl\/wp-content\/uploads\/2023\/07\/wsi-imageoptim-Glutamine-SR-01_5000x.webp\" \/>\n\t<meta property=\"og:image:width\" content=\"900\" \/>\n\t<meta property=\"og:image:height\" content=\"900\" \/>\n\t<meta property=\"og:image:type\" content=\"image\/webp\" \/>\n<meta name=\"twitter:card\" content=\"summary_large_image\" \/>\n<meta name=\"twitter:label1\" content=\"Gesch\u00e4tzte Lesezeit\" \/>\n\t<meta name=\"twitter:data1\" content=\"1\u00a0Minute\" \/>\n<script type=\"application\/ld+json\" class=\"yoast-schema-graph\">{\"@context\":\"https:\\\/\\\/schema.org\",\"@graph\":[{\"@type\":\"WebPage\",\"@id\":\"https:\\\/\\\/www.holy-supps.nl\\\/product\\\/glutamine-300gr-mhp-strong-2\\\/\",\"url\":\"https:\\\/\\\/www.holy-supps.nl\\\/product\\\/glutamine-300gr-mhp-strong-2\\\/\",\"name\":\"GLUTAMINE SR - 300GR - MHP STRONG - Holy-Supps.nl\",\"isPartOf\":{\"@id\":\"https:\\\/\\\/www.holy-supps.nl\\\/#website\"},\"primaryImageOfPage\":{\"@id\":\"https:\\\/\\\/www.holy-supps.nl\\\/product\\\/glutamine-300gr-mhp-strong-2\\\/#primaryimage\"},\"image\":{\"@id\":\"https:\\\/\\\/www.holy-supps.nl\\\/product\\\/glutamine-300gr-mhp-strong-2\\\/#primaryimage\"},\"thumbnailUrl\":\"https:\\\/\\\/www.holy-supps.nl\\\/wp-content\\\/uploads\\\/2023\\\/07\\\/wsi-imageoptim-Glutamine-SR-01_5000x.webp\",\"datePublished\":\"2023-07-23T15:34:19+00:00\",\"dateModified\":\"2026-01-14T15:39:27+00:00\",\"description\":\"Verbeter herstel en spieropbouw met GLUTAMINE SR. Langdurige afgifte voor optimale absorptie, immuunondersteuning en versnelde spiereiwitsynthese.\",\"breadcrumb\":{\"@id\":\"https:\\\/\\\/www.holy-supps.nl\\\/product\\\/glutamine-300gr-mhp-strong-2\\\/#breadcrumb\"},\"inLanguage\":\"de\",\"potentialAction\":[{\"@type\":\"ReadAction\",\"target\":[\"https:\\\/\\\/www.holy-supps.nl\\\/product\\\/glutamine-300gr-mhp-strong-2\\\/\"]}]},{\"@type\":\"ImageObject\",\"inLanguage\":\"de\",\"@id\":\"https:\\\/\\\/www.holy-supps.nl\\\/product\\\/glutamine-300gr-mhp-strong-2\\\/#primaryimage\",\"url\":\"https:\\\/\\\/www.holy-supps.nl\\\/wp-content\\\/uploads\\\/2023\\\/07\\\/wsi-imageoptim-Glutamine-SR-01_5000x.webp\",\"contentUrl\":\"https:\\\/\\\/www.holy-supps.nl\\\/wp-content\\\/uploads\\\/2023\\\/07\\\/wsi-imageoptim-Glutamine-SR-01_5000x.webp\",\"width\":900,\"height\":900},{\"@type\":\"BreadcrumbList\",\"@id\":\"https:\\\/\\\/www.holy-supps.nl\\\/product\\\/glutamine-300gr-mhp-strong-2\\\/#breadcrumb\",\"itemListElement\":[{\"@type\":\"ListItem\",\"position\":1,\"name\":\"Home\",\"item\":\"https:\\\/\\\/www.holy-supps.nl\\\/\"},{\"@type\":\"ListItem\",\"position\":2,\"name\":\"Winkel\",\"item\":\"https:\\\/\\\/www.holy-supps.nl\\\/winkel\\\/\"},{\"@type\":\"ListItem\",\"position\":3,\"name\":\"GLUTAMINE SR &#8211; 300GR &#8211; MHP STRONG\"}]},{\"@type\":\"WebSite\",\"@id\":\"https:\\\/\\\/www.holy-supps.nl\\\/#website\",\"url\":\"https:\\\/\\\/www.holy-supps.nl\\\/\",\"name\":\"Holy-Supps.nl\",\"description\":\"Official EHPLabs Reseller!\",\"publisher\":{\"@id\":\"https:\\\/\\\/www.holy-supps.nl\\\/#organization\"},\"potentialAction\":[{\"@type\":\"SearchAction\",\"target\":{\"@type\":\"EntryPoint\",\"urlTemplate\":\"https:\\\/\\\/www.holy-supps.nl\\\/?s={search_term_string}\"},\"query-input\":{\"@type\":\"PropertyValueSpecification\",\"valueRequired\":true,\"valueName\":\"search_term_string\"}}],\"inLanguage\":\"de\"},{\"@type\":\"Organization\",\"@id\":\"https:\\\/\\\/www.holy-supps.nl\\\/#organization\",\"name\":\"Holy Supps\",\"url\":\"https:\\\/\\\/www.holy-supps.nl\\\/\",\"logo\":{\"@type\":\"ImageObject\",\"inLanguage\":\"de\",\"@id\":\"https:\\\/\\\/www.holy-supps.nl\\\/#\\\/schema\\\/logo\\\/image\\\/\",\"url\":\"https:\\\/\\\/www.holy-supps.nl\\\/wp-content\\\/uploads\\\/2023\\\/06\\\/HOLY-SUPPS.png\",\"contentUrl\":\"https:\\\/\\\/www.holy-supps.nl\\\/wp-content\\\/uploads\\\/2023\\\/06\\\/HOLY-SUPPS.png\",\"width\":1000,\"height\":400,\"caption\":\"Holy Supps\"},\"image\":{\"@id\":\"https:\\\/\\\/www.holy-supps.nl\\\/#\\\/schema\\\/logo\\\/image\\\/\"},\"sameAs\":[\"https:\\\/\\\/www.facebook.com\\\/holy.supps\",\"https:\\\/\\\/www.instagram.com\\\/holy.supps.shop\\\/\"]}]}<\/script>\n<!-- \/ Yoast SEO plugin. -->","yoast_head_json":{"title":"GLUTAMINE SR - 300GR - MHP STRONG - Holy-Supps.de","description":"Verbessern Sie die Erholung und den Muskelaufbau mit GLUTAMINE SR. Verl\u00e4ngerte Freisetzung f\u00fcr optimale Absorption, Immununterst\u00fctzung und beschleunigte Muskelproteinsynthese.","robots":{"index":"index","follow":"follow","max-snippet":"max-snippet:-1","max-image-preview":"max-image-preview:large","max-video-preview":"max-video-preview:-1"},"canonical":"https:\/\/www.holy-supps.nl\/de\/produkt\/glutamin-300gr-mhp-stark\/","og_locale":"de_DE","og_type":"article","og_title":"GLUTAMINE SR - 300GR - MHP STRONG - Holy-Supps.nl","og_description":"Verbeter herstel en spieropbouw met GLUTAMINE SR. Langdurige afgifte voor optimale absorptie, immuunondersteuning en versnelde spiereiwitsynthese.","og_url":"https:\/\/www.holy-supps.nl\/de\/produkt\/glutamin-300gr-mhp-stark\/","og_site_name":"Holy-Supps.nl","article_publisher":"https:\/\/www.facebook.com\/holy.supps","article_modified_time":"2026-01-14T15:39:27+00:00","og_image":[{"width":900,"height":900,"url":"https:\/\/www.holy-supps.nl\/wp-content\/uploads\/2023\/07\/wsi-imageoptim-Glutamine-SR-01_5000x.webp","type":"image\/webp"}],"twitter_card":"summary_large_image","twitter_misc":{"Gesch\u00e4tzte Lesezeit":"1\u00a0Minute"},"schema":{"@context":"https:\/\/schema.org","@graph":[{"@type":"WebPage","@id":"https:\/\/www.holy-supps.nl\/product\/glutamine-300gr-mhp-strong-2\/","url":"https:\/\/www.holy-supps.nl\/product\/glutamine-300gr-mhp-strong-2\/","name":"GLUTAMINE SR - 300GR - MHP STRONG - Holy-Supps.de","isPartOf":{"@id":"https:\/\/www.holy-supps.nl\/#website"},"primaryImageOfPage":{"@id":"https:\/\/www.holy-supps.nl\/product\/glutamine-300gr-mhp-strong-2\/#primaryimage"},"image":{"@id":"https:\/\/www.holy-supps.nl\/product\/glutamine-300gr-mhp-strong-2\/#primaryimage"},"thumbnailUrl":"https:\/\/www.holy-supps.nl\/wp-content\/uploads\/2023\/07\/wsi-imageoptim-Glutamine-SR-01_5000x.webp","datePublished":"2023-07-23T15:34:19+00:00","dateModified":"2026-01-14T15:39:27+00:00","description":"Verbessern Sie die Erholung und den Muskelaufbau mit GLUTAMINE SR. Verl\u00e4ngerte Freisetzung f\u00fcr optimale Absorption, Immununterst\u00fctzung und beschleunigte Muskelproteinsynthese.","breadcrumb":{"@id":"https:\/\/www.holy-supps.nl\/product\/glutamine-300gr-mhp-strong-2\/#breadcrumb"},"inLanguage":"de","potentialAction":[{"@type":"ReadAction","target":["https:\/\/www.holy-supps.nl\/product\/glutamine-300gr-mhp-strong-2\/"]}]},{"@type":"ImageObject","inLanguage":"de","@id":"https:\/\/www.holy-supps.nl\/product\/glutamine-300gr-mhp-strong-2\/#primaryimage","url":"https:\/\/www.holy-supps.nl\/wp-content\/uploads\/2023\/07\/wsi-imageoptim-Glutamine-SR-01_5000x.webp","contentUrl":"https:\/\/www.holy-supps.nl\/wp-content\/uploads\/2023\/07\/wsi-imageoptim-Glutamine-SR-01_5000x.webp","width":900,"height":900},{"@type":"BreadcrumbList","@id":"https:\/\/www.holy-supps.nl\/product\/glutamine-300gr-mhp-strong-2\/#breadcrumb","itemListElement":[{"@type":"ListItem","position":1,"name":"Home","item":"https:\/\/www.holy-supps.nl\/"},{"@type":"ListItem","position":2,"name":"Winkel","item":"https:\/\/www.holy-supps.nl\/winkel\/"},{"@type":"ListItem","position":3,"name":"GLUTAMINE SR &#8211; 300GR &#8211; MHP STRONG"}]},{"@type":"WebSite","@id":"https:\/\/www.holy-supps.nl\/#website","url":"https:\/\/www.holy-supps.nl\/","name":"Holy-Supps.co.uk","description":"Offizieller EHPLabs-H\u00e4ndler!","publisher":{"@id":"https:\/\/www.holy-supps.nl\/#organization"},"potentialAction":[{"@type":"SearchAction","target":{"@type":"EntryPoint","urlTemplate":"https:\/\/www.holy-supps.nl\/?s={search_term_string}"},"query-input":{"@type":"PropertyValueSpecification","valueRequired":true,"valueName":"search_term_string"}}],"inLanguage":"de"},{"@type":"Organization","@id":"https:\/\/www.holy-supps.nl\/#organization","name":"Heiliges Abendmahl","url":"https:\/\/www.holy-supps.nl\/","logo":{"@type":"ImageObject","inLanguage":"de","@id":"https:\/\/www.holy-supps.nl\/#\/schema\/logo\/image\/","url":"https:\/\/www.holy-supps.nl\/wp-content\/uploads\/2023\/06\/HOLY-SUPPS.png","contentUrl":"https:\/\/www.holy-supps.nl\/wp-content\/uploads\/2023\/06\/HOLY-SUPPS.png","width":1000,"height":400,"caption":"Holy Supps"},"image":{"@id":"https:\/\/www.holy-supps.nl\/#\/schema\/logo\/image\/"},"sameAs":["https:\/\/www.facebook.com\/holy.supps","https:\/\/www.instagram.com\/holy.supps.shop\/"]}]}},"jetpack_sharing_enabled":true,"_links":{"self":[{"href":"https:\/\/www.holy-supps.nl\/de\/wp-json\/wp\/v2\/product\/1033","targetHints":{"allow":["GET"]}}],"collection":[{"href":"https:\/\/www.holy-supps.nl\/de\/wp-json\/wp\/v2\/product"}],"about":[{"href":"https:\/\/www.holy-supps.nl\/de\/wp-json\/wp\/v2\/types\/product"}],"replies":[{"embeddable":true,"href":"https:\/\/www.holy-supps.nl\/de\/wp-json\/wp\/v2\/comments?post=1033"}],"wp:featuredmedia":[{"embeddable":true,"href":"https:\/\/www.holy-supps.nl\/de\/wp-json\/wp\/v2\/media\/1036"}],"wp:attachment":[{"href":"https:\/\/www.holy-supps.nl\/de\/wp-json\/wp\/v2\/media?parent=1033"}],"wp:term":[{"taxonomy":"product_brand","embeddable":true,"href":"https:\/\/www.holy-supps.nl\/de\/wp-json\/wp\/v2\/product_brand?post=1033"},{"taxonomy":"product_cat","embeddable":true,"href":"https:\/\/www.holy-supps.nl\/de\/wp-json\/wp\/v2\/product_cat?post=1033"},{"taxonomy":"product_tag","embeddable":true,"href":"https:\/\/www.holy-supps.nl\/de\/wp-json\/wp\/v2\/product_tag?post=1033"}],"curies":[{"name":"wp","href":"https:\/\/api.w.org\/{rel}","templated":true}]}}