{"id":3348,"date":"2024-11-29T14:01:56","date_gmt":"2024-11-29T13:01:56","guid":{"rendered":"https:\/\/www.holy-supps.nl\/?page_id=3348"},"modified":"2024-11-29T14:01:56","modified_gmt":"2024-11-29T13:01:56","slug":"reviewbeleid","status":"publish","type":"page","link":"https:\/\/www.holy-supps.nl\/de\/reviewbeleid\/","title":{"rendered":"Bewertungsrichtlinien"},"content":{"rendered":"<h2>Bewertungsrichtlinien<\/h2>\n<p>Es ist uns wichtig, dass die Bewertungen das bestm\u00f6gliche Bild von unseren Produkten und Dienstleistungen vermitteln. Unsere Bewertungen werden daher unparteiisch verwaltet von<a href=\"https:\/\/www.webwinkelkeur.nl\" target=\"_blank\" rel=\"noopener\">WebwinkelKeur<\/a>. WebwinkelKeur hat Ma\u00dfnahmen ergriffen, um die Authentizit\u00e4t der Bewertungen zu gew\u00e4hrleisten. Sie k\u00f6nnen \u00fcber diese Ma\u00dfnahmen lesen <a href=\"https:\/\/www.webwinkelkeur.nl\/kennisbank\/consumenten\/waarom-webwinkelkeur\/gebruikersvoorwaarden\/\" target=\"_blank\" rel=\"noopener\">hier<\/a>.<br \/>\nUnsere Kunden werden nicht f\u00fcr das Schreiben von Bewertungen belohnt. Es werden keine Rabatte oder andere Geschenke gew\u00e4hrt.<\/p>\n<p>Wir sammeln Bewertungen \u00fcber die Plattform von <a href=\"https:\/\/www.webwinkelkeur.nl\" target=\"_blank\" rel=\"noopener\">WebwinkelKeur<\/a>. Wenn Sie eine Bewertung \u00fcber WebwinkelKeur abgeben, m\u00fcssen Sie einen Namen und eine E-Mail-Adresse angeben. WebwinkelKeur teilt diese Informationen mit uns, damit wir die Bewertung mit Ihrer Bestellung verkn\u00fcpfen k\u00f6nnen. WebwinkelKeur ver\u00f6ffentlicht Ihren Namen auch auf seiner eigenen Website. In einigen F\u00e4llen kann WebwinkelKeur Sie kontaktieren, um Ihre Bewertung zu kommentieren. Wenn wir Sie einladen, eine Bewertung abzugeben, geben wir Ihren Namen, Ihre E-Mail-Adresse und Produktinformationen an WebwinkelKeur weiter. WebwinkelKeur verwendet diese Informationen nur, um Sie einzuladen, eine Bewertung abzugeben. WebwinkelKeur hat angemessene technische und organisatorische Ma\u00dfnahmen ergriffen, um Ihre personenbezogenen Daten zu sch\u00fctzen <a href=\"https:\/\/www.webwinkelkeur.nl\/kennisbank\/over-webwinkelkeur\/privacy-policy\/\" target=\"_blank\" rel=\"noopener\">.WebwinkelKeur beh\u00e4lt sich das Recht vor, Dritte mit der Erbringung der Dienstleistung zu beauftragen. Alle oben genannten Garantien hinsichtlich des Schutzes Ihrer pers\u00f6nlichen Daten gelten auch f\u00fcr die Teile des Dienstes, f\u00fcr die WebwinkelKeur Dritte einsetzt.<\/a><\/p>","protected":false},"excerpt":{"rendered":"<p>Reviewbeleid Wij vinden het belangrijk dat reviews een zo goed mogelijk beeld geven van onze producten en diensten. Onze reviews worden daarom op onpartijdige wijze beheerd doorWebwinkelKeur. WebwinkelKeur heeft maatregelen genomen om de echtheid van reviews te garanderen. Je kunt lezen over deze maatregelen hier. Onze klanten worden niet beloond voor het schrijven van reviews. [&#8230;]\n","protected":false},"author":1,"featured_media":0,"parent":0,"menu_order":0,"comment_status":"closed","ping_status":"closed","template":"","meta":{"footnotes":""},"class_list":["post-3348","page","type-page","status-publish","hentry"],"yoast_head":"<!-- This site is optimized with the Yoast SEO plugin v27.5 - https:\/\/yoast.com\/product\/yoast-seo-wordpress\/ -->\n<title>Reviewbeleid - Holy-Supps.nl<\/title>\n<meta name=\"robots\" content=\"index, follow, max-snippet:-1, max-image-preview:large, max-video-preview:-1\" \/>\n<link rel=\"canonical\" href=\"https:\/\/www.holy-supps.nl\/de\/reviewbeleid\/\" \/>\n<meta property=\"og:locale\" content=\"de_DE\" \/>\n<meta property=\"og:type\" content=\"article\" \/>\n<meta property=\"og:title\" content=\"Reviewbeleid - Holy-Supps.nl\" \/>\n<meta property=\"og:description\" content=\"Reviewbeleid Wij vinden het belangrijk dat reviews een zo goed mogelijk beeld geven van onze producten en diensten. Onze reviews worden daarom op onpartijdige wijze beheerd doorWebwinkelKeur. WebwinkelKeur heeft maatregelen genomen om de echtheid van reviews te garanderen. Je kunt lezen over deze maatregelen hier. Onze klanten worden niet beloond voor het schrijven van reviews. [...]\" \/>\n<meta property=\"og:url\" content=\"https:\/\/www.holy-supps.nl\/de\/reviewbeleid\/\" \/>\n<meta property=\"og:site_name\" content=\"Holy-Supps.nl\" \/>\n<meta property=\"article:publisher\" content=\"https:\/\/www.facebook.com\/holy.supps\" \/>\n<meta property=\"og:image\" content=\"https:\/\/www.holy-supps.nl\/wp-content\/uploads\/2023\/06\/HOLY-SUPPS.png\" \/>\n\t<meta property=\"og:image:width\" content=\"1000\" \/>\n\t<meta property=\"og:image:height\" content=\"400\" \/>\n\t<meta property=\"og:image:type\" content=\"image\/png\" \/>\n<meta name=\"twitter:card\" content=\"summary_large_image\" \/>\n<meta name=\"twitter:label1\" content=\"Gesch\u00e4tzte Lesezeit\" \/>\n\t<meta name=\"twitter:data1\" content=\"2\u00a0Minuten\" \/>\n<script type=\"application\/ld+json\" class=\"yoast-schema-graph\">{\"@context\":\"https:\\\/\\\/schema.org\",\"@graph\":[{\"@type\":\"WebPage\",\"@id\":\"https:\\\/\\\/www.holy-supps.nl\\\/reviewbeleid\\\/\",\"url\":\"https:\\\/\\\/www.holy-supps.nl\\\/reviewbeleid\\\/\",\"name\":\"Reviewbeleid - Holy-Supps.nl\",\"isPartOf\":{\"@id\":\"https:\\\/\\\/www.holy-supps.nl\\\/#website\"},\"datePublished\":\"2024-11-29T13:01:56+00:00\",\"breadcrumb\":{\"@id\":\"https:\\\/\\\/www.holy-supps.nl\\\/reviewbeleid\\\/#breadcrumb\"},\"inLanguage\":\"de\",\"potentialAction\":[{\"@type\":\"ReadAction\",\"target\":[\"https:\\\/\\\/www.holy-supps.nl\\\/reviewbeleid\\\/\"]}]},{\"@type\":\"BreadcrumbList\",\"@id\":\"https:\\\/\\\/www.holy-supps.nl\\\/reviewbeleid\\\/#breadcrumb\",\"itemListElement\":[{\"@type\":\"ListItem\",\"position\":1,\"name\":\"Home\",\"item\":\"https:\\\/\\\/www.holy-supps.nl\\\/\"},{\"@type\":\"ListItem\",\"position\":2,\"name\":\"Reviewbeleid\"}]},{\"@type\":\"WebSite\",\"@id\":\"https:\\\/\\\/www.holy-supps.nl\\\/#website\",\"url\":\"https:\\\/\\\/www.holy-supps.nl\\\/\",\"name\":\"Holy-Supps.nl\",\"description\":\"Official EHPLabs Reseller!\",\"publisher\":{\"@id\":\"https:\\\/\\\/www.holy-supps.nl\\\/#organization\"},\"potentialAction\":[{\"@type\":\"SearchAction\",\"target\":{\"@type\":\"EntryPoint\",\"urlTemplate\":\"https:\\\/\\\/www.holy-supps.nl\\\/?s={search_term_string}\"},\"query-input\":{\"@type\":\"PropertyValueSpecification\",\"valueRequired\":true,\"valueName\":\"search_term_string\"}}],\"inLanguage\":\"de\"},{\"@type\":\"Organization\",\"@id\":\"https:\\\/\\\/www.holy-supps.nl\\\/#organization\",\"name\":\"Holy Supps\",\"url\":\"https:\\\/\\\/www.holy-supps.nl\\\/\",\"logo\":{\"@type\":\"ImageObject\",\"inLanguage\":\"de\",\"@id\":\"https:\\\/\\\/www.holy-supps.nl\\\/#\\\/schema\\\/logo\\\/image\\\/\",\"url\":\"https:\\\/\\\/www.holy-supps.nl\\\/wp-content\\\/uploads\\\/2023\\\/06\\\/HOLY-SUPPS.png\",\"contentUrl\":\"https:\\\/\\\/www.holy-supps.nl\\\/wp-content\\\/uploads\\\/2023\\\/06\\\/HOLY-SUPPS.png\",\"width\":1000,\"height\":400,\"caption\":\"Holy Supps\"},\"image\":{\"@id\":\"https:\\\/\\\/www.holy-supps.nl\\\/#\\\/schema\\\/logo\\\/image\\\/\"},\"sameAs\":[\"https:\\\/\\\/www.facebook.com\\\/holy.supps\",\"https:\\\/\\\/www.instagram.com\\\/holy.supps.shop\\\/\"]}]}<\/script>\n<!-- \/ Yoast SEO plugin. -->","yoast_head_json":{"title":"\u00dcberpr\u00fcfung der Politik - Holy-Supps.co.uk","robots":{"index":"index","follow":"follow","max-snippet":"max-snippet:-1","max-image-preview":"max-image-preview:large","max-video-preview":"max-video-preview:-1"},"canonical":"https:\/\/www.holy-supps.nl\/de\/reviewbeleid\/","og_locale":"de_DE","og_type":"article","og_title":"Reviewbeleid - Holy-Supps.nl","og_description":"Reviewbeleid Wij vinden het belangrijk dat reviews een zo goed mogelijk beeld geven van onze producten en diensten. Onze reviews worden daarom op onpartijdige wijze beheerd doorWebwinkelKeur. WebwinkelKeur heeft maatregelen genomen om de echtheid van reviews te garanderen. Je kunt lezen over deze maatregelen hier. Onze klanten worden niet beloond voor het schrijven van reviews. [...]","og_url":"https:\/\/www.holy-supps.nl\/de\/reviewbeleid\/","og_site_name":"Holy-Supps.nl","article_publisher":"https:\/\/www.facebook.com\/holy.supps","og_image":[{"width":1000,"height":400,"url":"https:\/\/www.holy-supps.nl\/wp-content\/uploads\/2023\/06\/HOLY-SUPPS.png","type":"image\/png"}],"twitter_card":"summary_large_image","twitter_misc":{"Gesch\u00e4tzte Lesezeit":"2\u00a0Minuten"},"schema":{"@context":"https:\/\/schema.org","@graph":[{"@type":"WebPage","@id":"https:\/\/www.holy-supps.nl\/reviewbeleid\/","url":"https:\/\/www.holy-supps.nl\/reviewbeleid\/","name":"\u00dcberpr\u00fcfung der Politik - Holy-Supps.co.uk","isPartOf":{"@id":"https:\/\/www.holy-supps.nl\/#website"},"datePublished":"2024-11-29T13:01:56+00:00","breadcrumb":{"@id":"https:\/\/www.holy-supps.nl\/reviewbeleid\/#breadcrumb"},"inLanguage":"de","potentialAction":[{"@type":"ReadAction","target":["https:\/\/www.holy-supps.nl\/reviewbeleid\/"]}]},{"@type":"BreadcrumbList","@id":"https:\/\/www.holy-supps.nl\/reviewbeleid\/#breadcrumb","itemListElement":[{"@type":"ListItem","position":1,"name":"Home","item":"https:\/\/www.holy-supps.nl\/"},{"@type":"ListItem","position":2,"name":"Reviewbeleid"}]},{"@type":"WebSite","@id":"https:\/\/www.holy-supps.nl\/#website","url":"https:\/\/www.holy-supps.nl\/","name":"Holy-Supps.co.uk","description":"Offizieller EHPLabs-H\u00e4ndler!","publisher":{"@id":"https:\/\/www.holy-supps.nl\/#organization"},"potentialAction":[{"@type":"SearchAction","target":{"@type":"EntryPoint","urlTemplate":"https:\/\/www.holy-supps.nl\/?s={search_term_string}"},"query-input":{"@type":"PropertyValueSpecification","valueRequired":true,"valueName":"search_term_string"}}],"inLanguage":"de"},{"@type":"Organization","@id":"https:\/\/www.holy-supps.nl\/#organization","name":"Heiliges Abendmahl","url":"https:\/\/www.holy-supps.nl\/","logo":{"@type":"ImageObject","inLanguage":"de","@id":"https:\/\/www.holy-supps.nl\/#\/schema\/logo\/image\/","url":"https:\/\/www.holy-supps.nl\/wp-content\/uploads\/2023\/06\/HOLY-SUPPS.png","contentUrl":"https:\/\/www.holy-supps.nl\/wp-content\/uploads\/2023\/06\/HOLY-SUPPS.png","width":1000,"height":400,"caption":"Holy Supps"},"image":{"@id":"https:\/\/www.holy-supps.nl\/#\/schema\/logo\/image\/"},"sameAs":["https:\/\/www.facebook.com\/holy.supps","https:\/\/www.instagram.com\/holy.supps.shop\/"]}]}},"jetpack_sharing_enabled":true,"_links":{"self":[{"href":"https:\/\/www.holy-supps.nl\/de\/wp-json\/wp\/v2\/pages\/3348","targetHints":{"allow":["GET"]}}],"collection":[{"href":"https:\/\/www.holy-supps.nl\/de\/wp-json\/wp\/v2\/pages"}],"about":[{"href":"https:\/\/www.holy-supps.nl\/de\/wp-json\/wp\/v2\/types\/page"}],"author":[{"embeddable":true,"href":"https:\/\/www.holy-supps.nl\/de\/wp-json\/wp\/v2\/users\/1"}],"replies":[{"embeddable":true,"href":"https:\/\/www.holy-supps.nl\/de\/wp-json\/wp\/v2\/comments?post=3348"}],"version-history":[{"count":1,"href":"https:\/\/www.holy-supps.nl\/de\/wp-json\/wp\/v2\/pages\/3348\/revisions"}],"predecessor-version":[{"id":3349,"href":"https:\/\/www.holy-supps.nl\/de\/wp-json\/wp\/v2\/pages\/3348\/revisions\/3349"}],"wp:attachment":[{"href":"https:\/\/www.holy-supps.nl\/de\/wp-json\/wp\/v2\/media?parent=3348"}],"curies":[{"name":"wp","href":"https:\/\/api.w.org\/{rel}","templated":true}]}}