{"id":3,"date":"2023-01-08T17:43:47","date_gmt":"2023-01-08T17:43:47","guid":{"rendered":"https:\/\/www.holy-supps.nl\/?page_id=3"},"modified":"2023-04-07T17:55:52","modified_gmt":"2023-04-07T15:55:52","slug":"datenschutzbestimmungen","status":"publish","type":"page","link":"https:\/\/www.holy-supps.nl\/de\/privacy-policy\/","title":{"rendered":"Datenschutzbestimmungen"},"content":{"rendered":"<section class=\"section\" id=\"section_1525843846\">\n\t\t<div class=\"section-bg fill\" >\n\t\t\t\t\t\t\t\t\t\n\t\t\t\n\n\t\t<\/div>\n\n\t\t\n\n\t\t<div class=\"section-content relative\">\n\t\t\t\n\n<div class=\"row\"  id=\"row-1110073726\">\n\n\n\t<div id=\"col-1941944456\" class=\"col small-12 large-12\"  >\n\t\t\t\t<div class=\"col-inner\"  >\n\t\t\t\n\t\t\t\n\n<p><\/p>\n<h1 class=\"wp-block-heading\">DATENSCHUTZ UND COOKIE-RICHTLINIE<\/h1>\n<p>Holy-Supps respektiert die Privatsph\u00e4re der Besucher der Website und stellt sicher, dass die (pers\u00f6nlichen) Informationen, die Sie zur Verf\u00fcgung stellen, vertraulich behandelt werden. (Pers\u00f6nliche) Daten werden in einer Weise verarbeitet werden, die mit den Anforderungen des Gesetzes.<\/p>\n<h3>ZWECKE DER DATENVERARBEITUNG<\/h3>\n<p>Ihre personenbezogenen Daten werden von uns f\u00fcr den Abschluss und die Durchf\u00fchrung von Vertr\u00e4gen und die Verwaltung der daraus resultierenden Beziehungen verarbeitet. Zur Verarbeitung von Daten, die \u00fcber Formulare eingegeben werden, verwenden wir GravityForms in WordPress oder \u00fcber Mailchimp. Die \u00fcber Formulare auf unserer Website angeforderten Daten sind aus den oben genannten Gr\u00fcnden erforderlich. Wenn keine personenbezogenen Daten angegeben werden, k\u00f6nnen wir Sie nicht kontaktieren oder, im Falle eines Newsletter-Abonnements, nicht \u00fcber unsere Dienstleistungen und Aktivit\u00e4ten informieren.<\/p>\n<p>Wenn Sie auf der Website ein Kontakt-\/Angebots-, Bewerbungs- oder Newsletter-Formular ausf\u00fcllen oder uns eine E-Mail senden, werden die von Ihnen \u00fcbermittelten Daten so lange aufbewahrt, wie es die Art des Formulars oder der Inhalt Ihrer E-Mail erfordert, um sie vollst\u00e4ndig beantworten und bearbeiten zu k\u00f6nnen. Dazu verwenden wir die folgenden Aufbewahrungsfristen:<\/p>\n<ul>\n<li>Kontaktformular (\u00fcber Gravity Forms): 1 Jahr<\/li>\n<li>Anmeldung (\u00fcber Gravity Forms): 1 Jahr<\/li>\n<li>Newsletter (\u00fcber Mailchimp): Bis zur Abbestellung des Newsletters.<\/li>\n<li>Andere Formulare: (\u00fcber Gravity Forms): 1 Jahr<\/li>\n<\/ul>\n<h3>SICHERHEIT<\/h3>\n<p>Alle Daten, die Sie mit Holy-Supps \u00fcber unsere Website austauschen, werden mit SSL-Sicherheit auf der Grundlage des HTTPS-Protokolls verschl\u00fcsselt.<\/p>\n<h3>BESUCHERDATEN UND GOOGLE ANALYTICS<\/h3>\n<p>Wir verwenden Google Analytics, um allgemeine Besuchsdaten zu erfassen. Die Daten werden f\u00fcr statistische Analysen des Besuchs- und Klickverhaltens auf der Website verwendet. Wir verwenden sie auch, um die Funktionsweise der Website zu optimieren. Wir haben Google Analytics au\u00dferdem so eingestellt, dass es datenschutzfreundlich ist, d. h. IP-Adressen werden anonymisiert und die Daten werden \u00fcber eine sichere Verbindung \u00fcbertragen.<\/p>\n<p>Wir haben eine Verarbeitungsvereinbarung mit Google. Die statistischen Daten werden an Google \u00fcbertragen und von Google auf Servern in Europa und den Vereinigten Staaten gespeichert. Weitere Informationen finden Sie in den Datenschutzbestimmungen von Google sowie in den spezifischen Datenschutzbestimmungen von Google Analytics. F\u00fcr Informationen dar\u00fcber, wie Google die GDPR einh\u00e4lt, hat Google spezielle Seiten:\u00a0<u>Google Cloud und die GDPR und was Google in Sachen Datenschutz unternimmt<\/u>.<\/p>\n<p>Google verwendet diese Informationen, um zu verfolgen, wie unsere Website genutzt wird, und um uns Berichte \u00fcber die Website zur Verf\u00fcgung zu stellen. Google kann diese Informationen an Dritte weitergeben, wenn Google gesetzlich dazu verpflichtet ist oder soweit diese Dritten die Informationen im Auftrag von Google verarbeiten. Hierauf haben wir keinen Einfluss.<\/p>\n<p>Wir weisen ausdr\u00fccklich darauf hin, dass diese Daten von Holy-Supps niemals zu Ihnen als Person zur\u00fcckverfolgt werden k\u00f6nnen, au\u00dfer in Situationen, in denen Sie sich \u00fcber eines der Formulare auf der Website als Person identifizieren. Dies kann z.B. durch Hinterlassen einer E-Mail-Adresse bei der Anmeldung zum Newsletter geschehen. In solchen F\u00e4llen kann Ihr Besuchsverhalten mit den eingegebenen Daten verkn\u00fcpft werden.<\/p>\n<p>Die von Holy-Supps gesammelten Daten werden nicht an Dritte weitergegeben.<\/p>\n<h3>HOTJAR<\/h3>\n<p>Mit dem Hotjar-Tool k\u00f6nnen wir sehen, wo wir Besucher auf der Website anklicken und wie weit die Besucher auf den Seiten nach unten scrollen. Diese Daten sind vollst\u00e4ndig anonymisiert und k\u00f6nnen daher nicht auf Einzelpersonen zur\u00fcckgef\u00fchrt werden.<\/p>\n<h3>PROFILING<\/h3>\n<p>Auf der Grundlage des Verhaltens auf der Website werden Marketing-Cookies verwendet, um Profile zu erstellen, damit wir Besuchern relevante Werbung auf anderen Websites zeigen k\u00f6nnen. Dies erm\u00f6glicht es Ihnen als Besucher, relevante Werbung zu sehen, da diese Ihrem zuvor gezeigten Verhalten auf der Website entspricht. Wir hoffen, Sie damit noch besser \u00fcber unsere Dienstleistungen und Artikel informieren zu k\u00f6nnen. Diese Daten k\u00f6nnen nicht auf eine bestimmte Person zur\u00fcckgef\u00fchrt werden.<\/p>\n<h3>VERARBEITERVEREINBARUNG<\/h3>\n<p>Wir haben mit allen Unternehmen, die unsere Daten verarbeiten, einen Verarbeitungsvertrag abgeschlossen. Darin ist unter anderem festgelegt, wof\u00fcr die personenbezogenen Daten verarbeitet werden d\u00fcrfen und welche Sicherheitsma\u00dfnahmen bei der Speicherung der personenbezogenen Daten getroffen werden m\u00fcssen. Darin ist auch festgelegt, dass die Person, die die Daten verarbeitet, diese vertraulich behandeln muss und sie nicht von sich aus zu einem anderen als dem in der Verarbeitungsvereinbarung genannten Zweck verarbeiten darf.<\/p>\n<h3>EINSICHTNAHME, BERICHTIGUNG UND RECHT AUF WIDERSPRUCH<\/h3>\n<p>Wenn Sie mit unserem Unternehmen in Beziehung stehen, haben Sie auf schriftlichen Antrag die M\u00f6glichkeit, Ihre pers\u00f6nlichen Daten einzusehen. Wenn die von uns bereitgestellte \u00dcbersicht Ungenauigkeiten enth\u00e4lt, k\u00f6nnen Sie uns schriftlich auffordern, die Daten zu \u00e4ndern oder zu l\u00f6schen. Au\u00dferdem haben Sie das Recht, Ihre Daten in einer Datei anzufordern, damit eine andere Partei diese Daten von Ihnen erhalten und verwenden kann. Au\u00dferdem k\u00f6nnen Sie uns schriftlich mitteilen, dass Sie keine Informationen \u00fcber unsere Produkte und Dienstleistungen erhalten m\u00f6chten (per Post oder E-Mail), indem Sie uns dies unter dieser Adresse mitteilen:<\/p>\n<p>Holy-Supps<br \/>Da Costra Stra\u00dfe<br \/>4904 EP Oosterhoud<br \/>Niederlande<\/p>\n<p>Oder per Post an\u00a0<a href=\"mailto:info@holy-supps.nl\">info@holy-supps.nl<\/a><\/p>\n<p>Falls Sie mit der Art und Weise, wie wir Ihre personenbezogenen Daten verarbeiten, nicht einverstanden sind und Sie keine Einigung mit uns erzielen k\u00f6nnen, haben Sie die M\u00f6glichkeit, eine Beschwerde bei der Datenschutzbeh\u00f6rde einzureichen. Diese kann gesendet werden an:<\/p>\n<p>Beh\u00f6rde f\u00fcr personenbezogene Daten<br \/>Postfach 93374<br \/>2509 AJ DEN HAAG<\/p>\n<h3>DATENSCHUTZHINWEIS \u00c4NDERN<\/h3>\n<p>Wir behalten uns das Recht vor, diese Erkl\u00e4rung zum Datenschutz zu \u00e4ndern. \u00c4nderungen werden auf dieser Website ver\u00f6ffentlicht.<\/p>\n<h3>HAFTUNGSAUSSCHLUSS<\/h3>\n<p>Obwohl bei der Entwicklung und Pflege dieser Website mit gr\u00f6\u00dfter Sorgfalt vorgegangen wird, besteht die M\u00f6glichkeit, dass bestimmte Informationen im Laufe der Zeit nicht mehr korrekt sind. Holy-Supps \u00fcbernimmt keine Haftung f\u00fcr die Folgen aller Aktivit\u00e4ten, die auf der Grundlage der auf dieser Website bereitgestellten Informationen unternommen werden. Aus dem Inhalt dieser Website kann keine Verpflichtung von Holy-Supps abgeleitet werden, mit Ausnahme der F\u00e4lle, in denen eine schriftliche Vereinbarung getroffen wurde.<\/p>\n<h3>DRITTANBIETER-QUELLEN<\/h3>\n<p>Bestimmte Verweise in dieser Website f\u00fchren zu Informationsquellen, die von Dritten unterhalten werden und \u00fcber die Holy-Supps keine Kontrolle hat. Holy-Supps tr\u00e4gt keine Verantwortung f\u00fcr die Richtigkeit oder irgendeinen anderen Aspekt dieser Informationsquellen.<\/p>\n<h3>BEH\u00d6RDE<\/h3>\n<p>Das Urheberrecht f\u00fcr alle Inhalte dieser Website liegt bei Holy-Supps, es sei denn, es wird ausdr\u00fccklich anders angegeben, z.B. durch Quellenangaben. Kein Teil der Anwendungen, Texte oder grafischen Darstellungen dieser Website darf ohne die ausdr\u00fcckliche vorherige schriftliche Zustimmung von Holy-Supps durch Drucken, Fotokopieren, Faxen, Abtippen, Speichern in einer computergest\u00fctzten Datenbank oder auf eine andere Weise, die sich auf die gesamte oder einen Teil der Verarbeitung bezieht, reproduziert und\/oder ver\u00f6ffentlicht werden.<\/p>\n<h2>COOKIE-ERKL\u00c4RUNG<\/h2>\n<p>Holy-Supps.de verwendet Cookies. Holy-Supps verwendet Cookies, um den Website-Verkehr anonym zu analysieren, so dass wir die Funktionalit\u00e4t und Effektivit\u00e4t anpassen k\u00f6nnen. Wir verwenden Cookies auch, um Inhalte und Werbung nach Zustimmung zu personalisieren.<\/p>\n<p>Cookies sind kleine Textdateien, die von Websites verwendet werden k\u00f6nnen, um die Benutzererfahrung effizienter zu gestalten. Laut Gesetz ist es uns erlaubt, Cookies auf Ihrem Ger\u00e4t zu speichern, wenn sie f\u00fcr die Nutzung der Website unbedingt erforderlich sind. F\u00fcr alle anderen Arten von Cookies ben\u00f6tigen wir Ihre Zustimmung. Diese Website verwendet verschiedene Arten von Cookies. Einige Cookies werden von Diensten Dritter gesetzt, die auf unseren Seiten angezeigt werden.<\/p>\n<p>Ihre Zustimmung bezieht sich auf die folgenden Bereiche: <a href=\"https:\/\/www.holy-supps.nl\/de\/\">www.holy-supps.nl<\/a> \/ <a href=\"https:\/\/www.holysupps.nl\">www.holysupps.nl<\/a>.<\/p>\n<h3>COOKIES (DIREKT PLATZIERT):<\/h3>\n<p><strong>WordPress-Cookies<br \/><\/strong>Diese Cookies verfolgen unter anderem, ob der Besucher eingeloggt ist.<\/p>\n<p><strong>Wordfence-Cookies<br \/><\/strong>Diese Cookies werden aus Sicherheitsgr\u00fcnden gesetzt. Wordfence ist vollst\u00e4ndig GDPR-konform.<\/p>\n<h3>COOKIES (NACH ZUSTIMMUNG):<\/h3>\n<p><strong>Cookies: Google AdWords<br \/><\/strong>Diese Cookies werden verwendet, um Anzeigen auf Ihr Profil zuzuschneiden, damit sie f\u00fcr Sie so relevant wie m\u00f6glich sind.<\/p>\n<p><strong>Cookies: Google Analytics<br \/><\/strong>F\u00fcr \"Google Analytics\" werden einige Cookies gesetzt, um Berichte \u00fcber unsere Nutzer zu erstellen und die Website zu verbessern. Dar\u00fcber hinaus enth\u00e4lt der Analytics-Code die DoubleClick-Funktion, um relevante Banner im Google Content Network anzuzeigen.<\/p>\n<p><strong>Cookies: Facebook<br \/><\/strong>Facebook setzt Cookies, um Ihre Pr\u00e4ferenzen auf dieser Plattform f\u00fcr soziale Medien zu verfolgen.<\/p>\n<p><strong>Cookies: Hotjar<br \/><\/strong>Zweck: Mit dem Hotjar-Tool k\u00f6nnen wir sehen, wo wir Besucher auf der Website anklicken und wie weit Besucher auf den Seiten nach unten scrollen. Diese Daten sind vollst\u00e4ndig anonymisiert und k\u00f6nnen daher nicht auf Einzelpersonen zur\u00fcckgef\u00fchrt werden.<\/p>\n<h2>\u00dcBER DIE POLITIK<\/h2>\n<p>Diese Datenschutz- und Cookie-Richtlinie kann von Zeit zu Zeit ge\u00e4ndert werden, um \u00c4nderungen und die sich daraus ergebenden Folgen f\u00fcr die Erfassung und Verwaltung von Daten bekannt zu geben. Wenn \u00c4nderungen an diesem Dokument vorgenommen werden, k\u00f6nnen Sie anhand des Datums am Ende des Dokuments sehen, wann dies zuletzt geschehen ist. Wir behalten uns das Recht vor, \u00c4nderungen an der Art und Weise vorzunehmen, wie wir mit Daten umgehen, und die in der Datenschutz- und Cookie-Richtlinie beschriebenen Bedingungen zu \u00e4ndern und diese \u00c4nderungen auf alle Ihre Daten anzuwenden. Wenn Sie unsere Website besuchen, erkl\u00e4ren Sie sich mit den jeweils aktuellen Bedingungen der Datenschutz- und Cookie-Richtlinie einverstanden.<\/p>\n<p>Weitere Informationen \u00fcber Cookies und die Gesetzgebung zu Cookies finden Sie unter\u00a0<a href=\"http:\/\/www.youronlinechoices.com\/\">www.youronlinechoices.com<\/a>.<\/p>\n<p>Letzte \u00c4nderung: 09. Oktober 2019<\/p>\n<p><\/p>\n\n\n\t\t<\/div>\n\t\t\t\t\t<\/div>\n\n\t\n\n<\/div>\n\n\t\t<\/div>\n\n\t\t\n<style>\n#section_1525843846 {\n  padding-top: 30px;\n  padding-bottom: 30px;\n}\n<\/style>\n\t<\/section>","protected":false},"excerpt":{"rendered":"","protected":false},"author":1,"featured_media":0,"parent":0,"menu_order":0,"comment_status":"closed","ping_status":"open","template":"","meta":{"footnotes":""},"class_list":["post-3","page","type-page","status-publish","hentry"],"yoast_head":"<!-- This site is optimized with the Yoast SEO plugin v27.4 - https:\/\/yoast.com\/product\/yoast-seo-wordpress\/ -->\n<title>Privacy Policy - Holy-Supps.nl<\/title>\n<meta name=\"robots\" content=\"index, follow, max-snippet:-1, max-image-preview:large, max-video-preview:-1\" \/>\n<link rel=\"canonical\" href=\"https:\/\/www.holy-supps.nl\/de\/datenschutzbestimmungen\/\" \/>\n<meta property=\"og:locale\" content=\"de_DE\" \/>\n<meta property=\"og:type\" content=\"article\" \/>\n<meta property=\"og:title\" content=\"Privacy Policy - Holy-Supps.nl\" \/>\n<meta property=\"og:url\" content=\"https:\/\/www.holy-supps.nl\/de\/datenschutzbestimmungen\/\" \/>\n<meta property=\"og:site_name\" content=\"Holy-Supps.nl\" \/>\n<meta property=\"article:publisher\" content=\"https:\/\/www.facebook.com\/holy.supps\" \/>\n<meta property=\"article:modified_time\" content=\"2023-04-07T15:55:52+00:00\" \/>\n<meta property=\"og:image\" content=\"https:\/\/www.holy-supps.nl\/wp-content\/uploads\/2023\/06\/HOLY-SUPPS.png\" \/>\n\t<meta property=\"og:image:width\" content=\"1000\" \/>\n\t<meta property=\"og:image:height\" content=\"400\" \/>\n\t<meta property=\"og:image:type\" content=\"image\/png\" \/>\n<meta name=\"twitter:card\" content=\"summary_large_image\" \/>\n<meta name=\"twitter:label1\" content=\"Gesch\u00e4tzte Lesezeit\" \/>\n\t<meta name=\"twitter:data1\" content=\"7\u00a0Minuten\" \/>\n<script type=\"application\/ld+json\" class=\"yoast-schema-graph\">{\"@context\":\"https:\\\/\\\/schema.org\",\"@graph\":[{\"@type\":\"WebPage\",\"@id\":\"https:\\\/\\\/www.holy-supps.nl\\\/privacy-policy\\\/\",\"url\":\"https:\\\/\\\/www.holy-supps.nl\\\/privacy-policy\\\/\",\"name\":\"Privacy Policy - Holy-Supps.nl\",\"isPartOf\":{\"@id\":\"https:\\\/\\\/www.holy-supps.nl\\\/#website\"},\"datePublished\":\"2023-01-08T17:43:47+00:00\",\"dateModified\":\"2023-04-07T15:55:52+00:00\",\"breadcrumb\":{\"@id\":\"https:\\\/\\\/www.holy-supps.nl\\\/privacy-policy\\\/#breadcrumb\"},\"inLanguage\":\"de\",\"potentialAction\":[{\"@type\":\"ReadAction\",\"target\":[\"https:\\\/\\\/www.holy-supps.nl\\\/privacy-policy\\\/\"]}]},{\"@type\":\"BreadcrumbList\",\"@id\":\"https:\\\/\\\/www.holy-supps.nl\\\/privacy-policy\\\/#breadcrumb\",\"itemListElement\":[{\"@type\":\"ListItem\",\"position\":1,\"name\":\"Home\",\"item\":\"https:\\\/\\\/www.holy-supps.nl\\\/\"},{\"@type\":\"ListItem\",\"position\":2,\"name\":\"Privacy Policy\"}]},{\"@type\":\"WebSite\",\"@id\":\"https:\\\/\\\/www.holy-supps.nl\\\/#website\",\"url\":\"https:\\\/\\\/www.holy-supps.nl\\\/\",\"name\":\"Holy-Supps.nl\",\"description\":\"Official EHPLabs Reseller!\",\"publisher\":{\"@id\":\"https:\\\/\\\/www.holy-supps.nl\\\/#organization\"},\"potentialAction\":[{\"@type\":\"SearchAction\",\"target\":{\"@type\":\"EntryPoint\",\"urlTemplate\":\"https:\\\/\\\/www.holy-supps.nl\\\/?s={search_term_string}\"},\"query-input\":{\"@type\":\"PropertyValueSpecification\",\"valueRequired\":true,\"valueName\":\"search_term_string\"}}],\"inLanguage\":\"de\"},{\"@type\":\"Organization\",\"@id\":\"https:\\\/\\\/www.holy-supps.nl\\\/#organization\",\"name\":\"Holy Supps\",\"url\":\"https:\\\/\\\/www.holy-supps.nl\\\/\",\"logo\":{\"@type\":\"ImageObject\",\"inLanguage\":\"de\",\"@id\":\"https:\\\/\\\/www.holy-supps.nl\\\/#\\\/schema\\\/logo\\\/image\\\/\",\"url\":\"https:\\\/\\\/www.holy-supps.nl\\\/wp-content\\\/uploads\\\/2023\\\/06\\\/HOLY-SUPPS.png\",\"contentUrl\":\"https:\\\/\\\/www.holy-supps.nl\\\/wp-content\\\/uploads\\\/2023\\\/06\\\/HOLY-SUPPS.png\",\"width\":1000,\"height\":400,\"caption\":\"Holy Supps\"},\"image\":{\"@id\":\"https:\\\/\\\/www.holy-supps.nl\\\/#\\\/schema\\\/logo\\\/image\\\/\"},\"sameAs\":[\"https:\\\/\\\/www.facebook.com\\\/holy.supps\",\"https:\\\/\\\/www.instagram.com\\\/holy.supps.shop\\\/\"]}]}<\/script>\n<!-- \/ Yoast SEO plugin. -->","yoast_head_json":{"title":"Datenschutzerkl\u00e4rung - Holy-Supps.co.uk","robots":{"index":"index","follow":"follow","max-snippet":"max-snippet:-1","max-image-preview":"max-image-preview:large","max-video-preview":"max-video-preview:-1"},"canonical":"https:\/\/www.holy-supps.nl\/de\/datenschutzbestimmungen\/","og_locale":"de_DE","og_type":"article","og_title":"Privacy Policy - Holy-Supps.nl","og_url":"https:\/\/www.holy-supps.nl\/de\/datenschutzbestimmungen\/","og_site_name":"Holy-Supps.nl","article_publisher":"https:\/\/www.facebook.com\/holy.supps","article_modified_time":"2023-04-07T15:55:52+00:00","og_image":[{"width":1000,"height":400,"url":"https:\/\/www.holy-supps.nl\/wp-content\/uploads\/2023\/06\/HOLY-SUPPS.png","type":"image\/png"}],"twitter_card":"summary_large_image","twitter_misc":{"Gesch\u00e4tzte Lesezeit":"7\u00a0Minuten"},"schema":{"@context":"https:\/\/schema.org","@graph":[{"@type":"WebPage","@id":"https:\/\/www.holy-supps.nl\/privacy-policy\/","url":"https:\/\/www.holy-supps.nl\/privacy-policy\/","name":"Datenschutzerkl\u00e4rung - Holy-Supps.co.uk","isPartOf":{"@id":"https:\/\/www.holy-supps.nl\/#website"},"datePublished":"2023-01-08T17:43:47+00:00","dateModified":"2023-04-07T15:55:52+00:00","breadcrumb":{"@id":"https:\/\/www.holy-supps.nl\/privacy-policy\/#breadcrumb"},"inLanguage":"de","potentialAction":[{"@type":"ReadAction","target":["https:\/\/www.holy-supps.nl\/privacy-policy\/"]}]},{"@type":"BreadcrumbList","@id":"https:\/\/www.holy-supps.nl\/privacy-policy\/#breadcrumb","itemListElement":[{"@type":"ListItem","position":1,"name":"Home","item":"https:\/\/www.holy-supps.nl\/"},{"@type":"ListItem","position":2,"name":"Privacy Policy"}]},{"@type":"WebSite","@id":"https:\/\/www.holy-supps.nl\/#website","url":"https:\/\/www.holy-supps.nl\/","name":"Holy-Supps.co.uk","description":"Offizieller EHPLabs-H\u00e4ndler!","publisher":{"@id":"https:\/\/www.holy-supps.nl\/#organization"},"potentialAction":[{"@type":"SearchAction","target":{"@type":"EntryPoint","urlTemplate":"https:\/\/www.holy-supps.nl\/?s={search_term_string}"},"query-input":{"@type":"PropertyValueSpecification","valueRequired":true,"valueName":"search_term_string"}}],"inLanguage":"de"},{"@type":"Organization","@id":"https:\/\/www.holy-supps.nl\/#organization","name":"Heiliges Abendmahl","url":"https:\/\/www.holy-supps.nl\/","logo":{"@type":"ImageObject","inLanguage":"de","@id":"https:\/\/www.holy-supps.nl\/#\/schema\/logo\/image\/","url":"https:\/\/www.holy-supps.nl\/wp-content\/uploads\/2023\/06\/HOLY-SUPPS.png","contentUrl":"https:\/\/www.holy-supps.nl\/wp-content\/uploads\/2023\/06\/HOLY-SUPPS.png","width":1000,"height":400,"caption":"Holy Supps"},"image":{"@id":"https:\/\/www.holy-supps.nl\/#\/schema\/logo\/image\/"},"sameAs":["https:\/\/www.facebook.com\/holy.supps","https:\/\/www.instagram.com\/holy.supps.shop\/"]}]}},"jetpack_sharing_enabled":true,"_links":{"self":[{"href":"https:\/\/www.holy-supps.nl\/de\/wp-json\/wp\/v2\/pages\/3","targetHints":{"allow":["GET"]}}],"collection":[{"href":"https:\/\/www.holy-supps.nl\/de\/wp-json\/wp\/v2\/pages"}],"about":[{"href":"https:\/\/www.holy-supps.nl\/de\/wp-json\/wp\/v2\/types\/page"}],"author":[{"embeddable":true,"href":"https:\/\/www.holy-supps.nl\/de\/wp-json\/wp\/v2\/users\/1"}],"replies":[{"embeddable":true,"href":"https:\/\/www.holy-supps.nl\/de\/wp-json\/wp\/v2\/comments?post=3"}],"version-history":[{"count":3,"href":"https:\/\/www.holy-supps.nl\/de\/wp-json\/wp\/v2\/pages\/3\/revisions"}],"predecessor-version":[{"id":753,"href":"https:\/\/www.holy-supps.nl\/de\/wp-json\/wp\/v2\/pages\/3\/revisions\/753"}],"wp:attachment":[{"href":"https:\/\/www.holy-supps.nl\/de\/wp-json\/wp\/v2\/media?parent=3"}],"curies":[{"name":"wp","href":"https:\/\/api.w.org\/{rel}","templated":true}]}}